{"id":144,"date":"2015-05-10T19:57:22","date_gmt":"2015-05-10T19:57:22","guid":{"rendered":"http:\/\/klbtheme.com\/leore\/?page_id=144"},"modified":"2018-04-25T04:59:24","modified_gmt":"2018-04-25T04:59:24","slug":"our-team","status":"publish","type":"page","link":"https:\/\/www.krishnasaigranites.com\/fr\/notre-equipe\/","title":{"rendered":"NOTRE EQUIPE"},"content":{"rendered":"<div class=\"wpb-content-wrapper\"><p>[vc_row css=&#8221;.vc_custom_1521088649209{background-image: url(http:\/\/www.krishnasaigranites.com\/fr\/wp-content\/uploads\/our_team_img1.jpg?id=1951) !important;}&#8221; el_class=&#8221;team-row-1&#8243;][vc_column][vc_column_text css=&#8221;.vc_custom_1521089201282{margin-bottom: 0px !important;}&#8221;]<img loading=\"lazy\" decoding=\"async\" class=\"alignnone size-full wp-image-1951\" style=\"opacity: 0;\" src=\"http:\/\/www.krishnasaigranites.com\/fr\/wp-content\/uploads\/our_team_img1.jpg\" alt=\"\" width=\"883\" height=\"304\" srcset=\"https:\/\/www.krishnasaigranites.com\/fr\/wp-content\/uploads\/our_team_img1.jpg 883w, https:\/\/www.krishnasaigranites.com\/fr\/wp-content\/uploads\/our_team_img1-300x103.jpg 300w, https:\/\/www.krishnasaigranites.com\/fr\/wp-content\/uploads\/our_team_img1-768x264.jpg 768w\" sizes=\"auto, (max-width: 883px) 100vw, 883px\" \/>[\/vc_column_text][vc_column_text css=&#8221;.vc_custom_1522322856000{margin-bottom: 0px !important;}&#8221;]<strong>Mr. Venkateswara Rao Sidda<\/strong>, <i>Fondateur<\/i><br \/>\n<strong>Mr. Hanumantha Rao Sidda<\/strong>, <i>Directeur G\u00e9n\u00e9ral<\/i><br \/>\n<strong>Mr. Bharat\u00a0Sidda<\/strong>, <i>Directeur Ex\u00e9cutif<\/i><\/p>\n<p>Le KSG jouit d\u2019une pr\u00e9sence internationale exceptionnelle et d\u2019une p\u00e9n\u00e9tration du march\u00e9 apr\u00e8s avoir mis sur pied une salle d\u2019exposition exclusive au RU.<\/p>\n<p>Le KSG dessert actuellement divers clients provenant de l\u2019Am\u00e9rique du Sud, d\u2019Italie, de la Turquie, la Jordanie, l\u2019Egypte, l\u2019EAU, l\u2019Alg\u00e9rie, le Vietnam, la Pologne, l\u2019Espagne, les Etats Unis, le Canada et plusieurs autres pays.<br \/>\n[\/vc_column_text][vc_empty_space][\/vc_column][\/vc_row][vc_row full_width=&#8221;stretch_row&#8221; el_class=&#8221;team-row-2&#8243;][vc_column css=&#8221;.vc_custom_1521095201429{padding-top: 20px !important;padding-right: 0px !important;padding-left: 0px !important;}&#8221;][vc_column_text css=&#8221;.vc_custom_1521095152422{margin-bottom: 0px !important;background-image: url(http:\/\/www.krishnasaigranites.com\/fr\/wp-content\/uploads\/our_team_img.jpg?id=1984) !important;}&#8221;]<img loading=\"lazy\" decoding=\"async\" class=\"alignnone size-full wp-image-1984\" style=\"opacity: 0;\" src=\"http:\/\/www.krishnasaigranites.com\/fr\/wp-content\/uploads\/our_team_img.jpg\" alt=\"\" width=\"968\" height=\"342\" srcset=\"https:\/\/www.krishnasaigranites.com\/fr\/wp-content\/uploads\/our_team_img.jpg 968w, https:\/\/www.krishnasaigranites.com\/fr\/wp-content\/uploads\/our_team_img-300x106.jpg 300w, https:\/\/www.krishnasaigranites.com\/fr\/wp-content\/uploads\/our_team_img-768x271.jpg 768w\" sizes=\"auto, (max-width: 968px) 100vw, 968px\" \/>[\/vc_column_text][vc_row_inner][vc_column_inner][vc_column_text css=&#8221;.vc_custom_1524632361424{background-color: #ffffff !important;}&#8221; el_class=&#8221;team-text&#8221;]<\/p>\n<div class=\"sub-title\">MAIN D\u2019OEUVRE STELLAIRE<\/div>\n<p>Le KSG compte plusieurs ann\u00e9es de franc succ\u00e8s gr\u00e2ce aux employ\u00e9s exceptionnels et leurs efforts acharn\u00e9s.[\/vc_column_text][\/vc_column_inner][\/vc_row_inner][\/vc_column][\/vc_row]<\/p>\n<\/div>","protected":false},"excerpt":{"rendered":"<p>[vc_row css=&#8221;.vc_custom_1521088649209{background-image: url(http:\/\/www.krishnasaigranites.com\/fr\/wp-content\/uploads\/our_team_img1.jpg?id=1951) !important;}&#8221; el_class=&#8221;team-row-1&#8243;][vc_column][vc_column_text css=&#8221;.vc_custom_1521089201282{margin-bottom: 0px !important;}&#8221;][\/vc_column_text][vc_column_text css=&#8221;.vc_custom_1522322856000{margin-bottom: 0px !important;}&#8221;]Mr. Venkateswara Rao Sidda, Fondateur Mr. Hanumantha Rao Sidda, Directeur G\u00e9n\u00e9ral Mr. Bharat\u00a0Sidda, Directeur Ex\u00e9cutif Le KSG jouit d\u2019une pr\u00e9sence internationale exceptionnelle et d\u2019une p\u00e9n\u00e9tration du march\u00e9 apr\u00e8s avoir mis sur pied une salle d\u2019exposition exclusive au RU. Le KSG dessert actuellement divers clients provenant&hellip;<\/p>\n<div class=\"text-right\"><a href=\"https:\/\/www.krishnasaigranites.com\/fr\/notre-equipe\/\" class=\"btn\"><span>Read More<\/a><\/span><\/div>\n","protected":false},"author":1,"featured_media":1960,"parent":0,"menu_order":0,"comment_status":"closed","ping_status":"closed","template":"page-blank.php","meta":{"footnotes":""},"class_list":["post-144","page","type-page","status-publish","has-post-thumbnail","hentry"],"_links":{"self":[{"href":"https:\/\/www.krishnasaigranites.com\/fr\/wp-json\/wp\/v2\/pages\/144","targetHints":{"allow":["GET"]}}],"collection":[{"href":"https:\/\/www.krishnasaigranites.com\/fr\/wp-json\/wp\/v2\/pages"}],"about":[{"href":"https:\/\/www.krishnasaigranites.com\/fr\/wp-json\/wp\/v2\/types\/page"}],"author":[{"embeddable":true,"href":"https:\/\/www.krishnasaigranites.com\/fr\/wp-json\/wp\/v2\/users\/1"}],"replies":[{"embeddable":true,"href":"https:\/\/www.krishnasaigranites.com\/fr\/wp-json\/wp\/v2\/comments?post=144"}],"version-history":[{"count":42,"href":"https:\/\/www.krishnasaigranites.com\/fr\/wp-json\/wp\/v2\/pages\/144\/revisions"}],"predecessor-version":[{"id":2413,"href":"https:\/\/www.krishnasaigranites.com\/fr\/wp-json\/wp\/v2\/pages\/144\/revisions\/2413"}],"wp:featuredmedia":[{"embeddable":true,"href":"https:\/\/www.krishnasaigranites.com\/fr\/wp-json\/wp\/v2\/media\/1960"}],"wp:attachment":[{"href":"https:\/\/www.krishnasaigranites.com\/fr\/wp-json\/wp\/v2\/media?parent=144"}],"curies":[{"name":"wp","href":"https:\/\/api.w.org\/{rel}","templated":true}]}}