{"id":2393,"date":"2018-04-23T12:50:27","date_gmt":"2018-04-23T12:50:27","guid":{"rendered":"http:\/\/www.krishnasaigranites.com\/fr\/?page_id=2393"},"modified":"2018-04-23T12:59:03","modified_gmt":"2018-04-23T12:59:03","slug":"aboutus","status":"publish","type":"page","link":"https:\/\/www.krishnasaigranites.com\/fr\/a-propos-de-nous","title":{"rendered":"A PROPOS DE NOUS"},"content":{"rendered":"<div class=\"wpb-content-wrapper\"><p>[vc_row][vc_column][vc_empty_space height=&#8221;65px&#8221;][\/vc_column][\/vc_row][vc_row][vc_column][vc_single_image image=&#8221;1940&#8243; img_size=&#8221;full&#8221; el_class=&#8221;abt-left-side&#8221;][vc_column_text el_class=&#8221;abt-right-side&#8221;]<\/p>\n<h2>VISION &#038; MISSION<\/h2>\n<p>Notre conviction \u00ab la nature fa\u00e7onne la nature \u00bb est inspir\u00e9e par M\u00e8re nature. Guid\u00e9 par cette conviction, le KSG Group aspire \u00e0 devenir le meilleur producteur, fabricant et exportateur de granite du monde. Notre respect des progr\u00e8s technologiques de pointe, des mesures de qualit\u00e9 rigoureuse et de l\u2019efficacit\u00e9 de production, nous permettra d\u2019offrir \u00e0 nos clients du monde entier de nouvelles possibilit\u00e9s et des solutions taill\u00e9es sur mesure, pour ex\u00e9cuter en toute simplicit\u00e9 les projets.[\/vc_column_text][vc_separator color=&#8221;custom&#8221; accent_color=&#8221;#333333&#8243;][vc_column_text]<\/p>\n<div class=\"merge_logo\"><img loading=\"lazy\" decoding=\"async\" class=\"alignnone wp-image-2346\" src=\"http:\/\/www.krishnasaigranites.com\/fr\/wp-content\/uploads\/merge_stone_logo.png\" alt=\"\" width=\"155\" height=\"124\" \/><\/div>\n<p>[\/vc_column_text][vc_column_text css=&#8221;.vc_custom_1522322530794{padding-top: 15px !important;}&#8221;]<\/p>\n<h2>KSG \u2013 EMERGE DU MARBRE<\/h2>\n<p>Le marbre dispose du pouvoir de refl\u00e9ter la personnalit\u00e9 et un go\u00fbt raffin\u00e9.  Nous nous assurons que votre espace de vie et votre environnement commercial soit \u00e0 votre image. Au KSG, nous recherchons uniquement des vari\u00e9t\u00e9s les plus fines de marbres provenant d\u2019Italie, d\u2019Espagne, de Turquie, de Gr\u00e8ce, du Portugal et du Vietnam. KSG offre une gamme de produits finis provenant des plans de travail, plans de cuisine, lavabos, bacs de douche, baignoires, calibrages, escaliers, foyers, marqueterie, fa\u00e7ade et monuments.<\/p>\n<p>Le KSG offre un appui technique qui couvre la courbure, l\u2019arrondissement, le fa\u00e7onnage, le polissage, la quadrature, le bouchardage, l\u2019aff\u00fbtage, le fil robotique, le bord plat y compris des emplois partiels, les plans de travail, le nez arrondi de tous types, des arrondis de crayon, le nez pointu, le rainurage, l\u2019entaille, etc., \u00e0 l\u2019aide des machines haut de gamme provenant du Comandulli, CMS Brembana et Pellegrini manipul\u00e9es par un personnel qualifi\u00e9 et des artisans innovants.<\/p>\n<p>Un puissant r\u00e9seau solide, une infrastructure massive et une capacit\u00e9 de stockage a permis au KSG de devenir une soci\u00e9t\u00e9 mondiale. Nous permettons \u00e0 ceux qui recherchent la qualit\u00e9, l\u2019utilit\u00e9, la durabilit\u00e9, la finition esth\u00e9tique et la conservabilit\u00e9 qui s\u2019impose dans la foule. Le KSG assure un service rapide, une fourniture sans d\u00e9lai et une assistance unique \u00e0 tous les clients dans le monde entier.<br \/>\n[\/vc_column_text][\/vc_column][\/vc_row]<\/p>\n<\/div>","protected":false},"excerpt":{"rendered":"<p>[vc_row][vc_column][vc_empty_space height=&#8221;65px&#8221;][\/vc_column][\/vc_row][vc_row][vc_column][vc_single_image image=&#8221;1940&#8243; img_size=&#8221;full&#8221; el_class=&#8221;abt-left-side&#8221;][vc_column_text el_class=&#8221;abt-right-side&#8221;] VISION &#038; MISSION Notre conviction \u00ab la nature fa\u00e7onne la nature \u00bb est inspir\u00e9e par M\u00e8re nature. Guid\u00e9 par cette conviction, le KSG Group aspire \u00e0 devenir le meilleur producteur, fabricant et exportateur de granite du monde. Notre respect des progr\u00e8s technologiques de pointe, des mesures de qualit\u00e9 rigoureuse&hellip;<\/p>\n<div class=\"text-right\"><a href=\"https:\/\/www.krishnasaigranites.com\/fr\/a-propos-de-nous\" class=\"btn\"><span>Read More<\/a><\/span><\/div>\n","protected":false},"author":1,"featured_media":0,"parent":0,"menu_order":0,"comment_status":"closed","ping_status":"closed","template":"","meta":{"footnotes":""},"class_list":["post-2393","page","type-page","status-publish","hentry"],"_links":{"self":[{"href":"https:\/\/www.krishnasaigranites.com\/fr\/wp-json\/wp\/v2\/pages\/2393","targetHints":{"allow":["GET"]}}],"collection":[{"href":"https:\/\/www.krishnasaigranites.com\/fr\/wp-json\/wp\/v2\/pages"}],"about":[{"href":"https:\/\/www.krishnasaigranites.com\/fr\/wp-json\/wp\/v2\/types\/page"}],"author":[{"embeddable":true,"href":"https:\/\/www.krishnasaigranites.com\/fr\/wp-json\/wp\/v2\/users\/1"}],"replies":[{"embeddable":true,"href":"https:\/\/www.krishnasaigranites.com\/fr\/wp-json\/wp\/v2\/comments?post=2393"}],"version-history":[{"count":4,"href":"https:\/\/www.krishnasaigranites.com\/fr\/wp-json\/wp\/v2\/pages\/2393\/revisions"}],"predecessor-version":[{"id":2398,"href":"https:\/\/www.krishnasaigranites.com\/fr\/wp-json\/wp\/v2\/pages\/2393\/revisions\/2398"}],"wp:attachment":[{"href":"https:\/\/www.krishnasaigranites.com\/fr\/wp-json\/wp\/v2\/media?parent=2393"}],"curies":[{"name":"wp","href":"https:\/\/api.w.org\/{rel}","templated":true}]}}