{"id":60,"date":"2015-05-09T21:12:38","date_gmt":"2015-05-09T21:12:38","guid":{"rendered":"http:\/\/klbtheme.com\/leore\/?page_id=60"},"modified":"2018-04-30T06:17:24","modified_gmt":"2018-04-30T06:17:24","slug":"about-us","status":"publish","type":"page","link":"https:\/\/www.krishnasaigranites.com\/it\/chi-siamo\/","title":{"rendered":"CHI SIAMO"},"content":{"rendered":"<div class=\"wpb-content-wrapper\"><p>[vc_row][vc_column][vc_empty_space height=&#8221;65px&#8221;][\/vc_column][\/vc_row][vc_row][vc_column][vc_single_image image=&#8221;1940&#8243; img_size=&#8221;full&#8221; el_class=&#8221;abt-left-side&#8221;][vc_column_text el_class=&#8221;abt-right-side&#8221;]<\/p>\n<h2>VISIONE E MISSIONE<\/h2>\n<p>Il nostro credo &#8220;La natura che scolpisce la natura&#8221; \u00e8 ispirato da Madre Natura.Guidato dal suo credo, il KSG Group aspira a diventare il migliore produttore, fabbricante ed esportatore di granito al mondo.Grazie all&#8217;eccellenza tecnologica, a rigide misure di qualit\u00e0 e all&#8217;efficienza produttiva, siamo in grado di offrire ai clienti di tutto il mondo nuove possibilit\u00e0 e soluzioni su misura, per eseguire i progetti con facilit\u00e0.&#8221;[\/vc_column_text][vc_separator color=&#8221;custom&#8221; accent_color=&#8221;#333333&#8243;][vc_column_text]<\/p>\n<div class=\"merge_logo\"><img loading=\"lazy\" decoding=\"async\" class=\"alignnone wp-image-2346\" src=\"http:\/\/www.krishnasaigranites.com\/it\/wp-content\/uploads\/merge_stone_logo.png\" alt=\"\" width=\"155\" height=\"124\" \/><\/div>\n<p>[\/vc_column_text][vc_column_text css=&#8221;.vc_custom_1522322530794{padding-top: 15px !important;}&#8221;]<\/p>\n<h2>KSG \u2013 EMERSO DAL MARMO<\/h2>\n<p>Il marmo ha il potere di riflettere la personalit\u00e0 e i gusti raffinati delle persone.  Ci assicuriamo che i vostri spazi abitativi e ambienti commerciali raccontino chi siete.Noi di KSG ci procuriamo le variet\u00e0 pi\u00f9 raffinate di marmo da paesi come Italia, Spagna, Turchia, Grecia, Portogallo e Vietnam.KSG offre un&#8217;ampia gamma di prodotti raffinati, dai banconi, i piani d&#8217;appoggio, i lavandini, i piatti doccia, le vasche, tutti tagliati su misura, alle scale, ai camini, agli intarsi, alle facciate e ai monumenti.<\/p>\n<p>KSG offre supporto tecnico che copre operazioni quali piegatura, arrotondamento, sagomatura, lucidatura, bocciardatura, bisellatura, filoguidati, semifilo, inclusi lavori parziali, tagli superiori, nasi di toro di tutti i tipi, arrotondamento matite, musi di squalo, snalature, sottosquadri, ecc&#8230;, usando macchinari di altissima qualit\u00e0 di marche quali Comandulli, CMS Brembana e Pellegrini, azionati da personale qualificato e da artigiani innovativi.<\/p>\n<p>Una potente rete, un&#8217;infrastruttura massiccia e un&#8217;elevata capacit\u00e0 di immagazzinamento ha consentito a KSG di internazionalizzarsi.Aiutiamo chi deve competere per qualit\u00e0, utilit\u00e0, durate, finitura estetica e presentabilit\u00e0 ad emergere dalla folla.KSG assicura un servizio rapido, una fornitura immediata e un&#8217;eccezionale assistenza ai clienti, in tutto il mondo.<br \/>\n[\/vc_column_text][\/vc_column][\/vc_row]<\/p>\n<\/div>","protected":false},"excerpt":{"rendered":"<p>[vc_row][vc_column][vc_empty_space height=&#8221;65px&#8221;][\/vc_column][\/vc_row][vc_row][vc_column][vc_single_image image=&#8221;1940&#8243; img_size=&#8221;full&#8221; el_class=&#8221;abt-left-side&#8221;][vc_column_text el_class=&#8221;abt-right-side&#8221;] VISIONE E MISSIONE Il nostro credo &#8220;La natura che scolpisce la natura&#8221; \u00e8 ispirato da Madre Natura.Guidato dal suo credo, il KSG Group aspira a diventare il migliore produttore, fabbricante ed esportatore di granito al mondo.Grazie all&#8217;eccellenza tecnologica, a rigide misure di qualit\u00e0 e all&#8217;efficienza produttiva, siamo in grado&hellip;<\/p>\n<div class=\"text-right\"><a href=\"https:\/\/www.krishnasaigranites.com\/it\/chi-siamo\/\" class=\"btn\"><span>Read More<\/a><\/span><\/div>\n","protected":false},"author":1,"featured_media":0,"parent":0,"menu_order":0,"comment_status":"closed","ping_status":"closed","template":"","meta":{"footnotes":""},"class_list":["post-60","page","type-page","status-publish","hentry"],"_links":{"self":[{"href":"https:\/\/www.krishnasaigranites.com\/it\/wp-json\/wp\/v2\/pages\/60","targetHints":{"allow":["GET"]}}],"collection":[{"href":"https:\/\/www.krishnasaigranites.com\/it\/wp-json\/wp\/v2\/pages"}],"about":[{"href":"https:\/\/www.krishnasaigranites.com\/it\/wp-json\/wp\/v2\/types\/page"}],"author":[{"embeddable":true,"href":"https:\/\/www.krishnasaigranites.com\/it\/wp-json\/wp\/v2\/users\/1"}],"replies":[{"embeddable":true,"href":"https:\/\/www.krishnasaigranites.com\/it\/wp-json\/wp\/v2\/comments?post=60"}],"version-history":[{"count":29,"href":"https:\/\/www.krishnasaigranites.com\/it\/wp-json\/wp\/v2\/pages\/60\/revisions"}],"predecessor-version":[{"id":2390,"href":"https:\/\/www.krishnasaigranites.com\/it\/wp-json\/wp\/v2\/pages\/60\/revisions\/2390"}],"wp:attachment":[{"href":"https:\/\/www.krishnasaigranites.com\/it\/wp-json\/wp\/v2\/media?parent=60"}],"curies":[{"name":"wp","href":"https:\/\/api.w.org\/{rel}","templated":true}]}}